{"id":53748,"date":"2022-05-24T09:22:46","date_gmt":"2022-05-24T06:22:46","guid":{"rendered":"https:\/\/greekroots.shop\/product\/flower-egg-pendant-necklace-925-sterling-silver-and-green-enamel\/"},"modified":"2025-09-25T14:01:03","modified_gmt":"2025-09-25T11:01:03","slug":"flower-egg-pendant-necklace-925-sterling-silver-and-green-enamel","status":"publish","type":"product","link":"https:\/\/greekroots.shop\/el\/product\/flower-egg-pendant-necklace-925-sterling-silver-and-green-enamel\/","title":{"rendered":"\u039a\u03bf\u03bb\u03b9\u03ad \u03bc\u03b5 \u039c\u03b5\u03bd\u03c4\u03b1\u03b3\u03b9\u03cc\u03bd \u0391\u03c5\u03b3\u03cc &#8211; \u0391\u03c3\u03ae\u03bc\u03b9 925 \u0395\u03c0\u03b9\u03c7\u03c1\u03c5\u03c3\u03c9\u03bc\u03ad\u03bd\u03bf"},"content":{"rendered":"<p>The pendant is embellished with a fine filigree and enamel in Faberge style.<br \/>\nMade of 925 sterling silver and gold plated.<br \/>\nHandmade in Greece.<br \/>\nThe chain shown is included.<br \/>\nFiligree is a delicate kind of jewellery metalwork, made with tiny beads or twisted threads, or both in combination, soldered together or to the surface of an object of the same metal and arranged in artistic motifs. The art of filigree dates back to ancient history. The first of the found jewelry in this technique have been found in Mesopotamia and dates to thousands of years BC. In the ancient world and particularly in Asia Minor, this art grew were at the highest level.<br \/>\nFaberg\u00e9 egg is a jeweled egg created by the House of Faberg\u00e9, in St. Petersburg, Imperial Russia. Virtually all were manufactured under the supervision of Peter Carl Faberg\u00e9 between 1885 and 1917,[citation needed] the most famous being the 50 \u201cImperial\u201d eggs, 43 of which survive, made for the Russian Tsars Alexander III and Nicholas II as Easter gifts for their wives and mothers. The first Faberg\u00e9 egg was crafted for Tsar Alexander III, who had decided to give his wife, the Empress Maria Feodorovna, an Easter egg in 1885. Peter Carl Faberg\u00e9 was a Russian jeweller best known for the famous Faberg\u00e9 eggs made in the style of genuine Easter eggs, using precious metals and gemstones. He\u2019s the founder of the famous jewelry legacy House of Faberg\u00e9.<\/p>\n","protected":false},"excerpt":{"rendered":"<p>The pendant is embellished with a fine filigree and enamel in Faberge style.<br \/>\nMade of 925 sterling silver and gold plated.<br \/>\nHandmade in Greece.<br \/>\nThe chain shown is included.<br \/>\nFiligree is a delicate kind of jewellery metalwork, made with tiny beads or twisted threads, or both in combination, soldered together or to the surface of an object of the same metal and arranged in artistic motifs. The art of filigree dates back to ancient history. The first of the found jewelry in this technique have been found in Mesopotamia and dates to thousands of years BC. In the ancient world and particularly in Asia Minor, this art grew were at the highest level.<br \/>\nFaberg\u00e9 egg is a jeweled egg created by the House of Faberg\u00e9, in St. Petersburg, Imperial Russia. Virtually all were manufactured under the supervision of Peter Carl Faberg\u00e9 between 1885 and 1917,[citation needed] the most famous being the 50 \u201cImperial\u201d eggs, 43 of which survive, made for the Russian Tsars Alexander III and Nicholas II as Easter gifts for their wives and mothers. The first Faberg\u00e9 egg was crafted for Tsar Alexander III, who had decided to give his wife, the Empress Maria Feodorovna, an Easter egg in 1885. Peter Carl Faberg\u00e9 was a Russian jeweller best known for the famous Faberg\u00e9 eggs made in the style of genuine Easter eggs, using precious metals and gemstones. He\u2019s the founder of the famous jewelry legacy House of Faberg\u00e9.<\/p>\n","protected":false},"featured_media":53749,"comment_status":"open","ping_status":"open","template":"","meta":[],"product_brand":[],"product_cat":[338,342,375,380,337],"product_tag":[803],"class_list":{"0":"post-53748","1":"product","2":"type-product","3":"status-publish","4":"has-post-thumbnail","6":"product_cat-byzantine-el","7":"product_cat-byzantine-necklace-el","8":"product_cat-necklaces-el","9":"product_cat-jewellery-el","10":"product_cat-collections-el","11":"product_tag-byzantine-necklaces-el","12":"pa_design-egg-el","13":"pa_gender-unisex-el","14":"pa_gender-women-el","15":"pa_height-2-6-cm","16":"pa_length-45-cm","17":"pa_material-4325","18":"pa_material-4311","19":"pa_material-4316","20":"pa_weight-3-1-g-el","21":"pa_width-1-cm-el","23":"first","24":"instock","25":"shipping-taxable","26":"purchasable","27":"product-type-simple"},"yoast_head":"<!-- This site is optimized with the Yoast SEO Premium plugin v27.1 (Yoast SEO v27.1.1) - https:\/\/yoast.com\/product\/yoast-seo-premium-wordpress\/ -->\n<title>\u039a\u03bf\u03bb\u03b9\u03ad \u03bc\u03b5 \u039c\u03b5\u03bd\u03c4\u03b1\u03b3\u03b9\u03cc\u03bd \u0391\u03c5\u03b3\u03cc - \u0391\u03c3\u03ae\u03bc\u03b9 925 \u0395\u03c0\u03b9\u03c7\u03c1\u03c5\u03c3\u03c9\u03bc\u03ad\u03bd\u03bf - greekroots<\/title>\n<meta name=\"robots\" content=\"index, follow, max-snippet:-1, max-image-preview:large, max-video-preview:-1\" \/>\n<link rel=\"canonical\" href=\"https:\/\/greekroots.shop\/el\/product\/flower-egg-pendant-necklace-925-sterling-silver-and-green-enamel\/\" \/>\n<meta property=\"og:locale\" content=\"el_GR\" \/>\n<meta property=\"og:type\" content=\"article\" \/>\n<meta property=\"og:title\" content=\"\u039a\u03bf\u03bb\u03b9\u03ad \u03bc\u03b5 \u039c\u03b5\u03bd\u03c4\u03b1\u03b3\u03b9\u03cc\u03bd \u0391\u03c5\u03b3\u03cc - \u0391\u03c3\u03ae\u03bc\u03b9 925 \u0395\u03c0\u03b9\u03c7\u03c1\u03c5\u03c3\u03c9\u03bc\u03ad\u03bd\u03bf\" \/>\n<meta property=\"og:description\" content=\"The pendant is embellished with a fine filigree and enamel in Faberge style. Made of 925 sterling silver and gold plated. Handmade in Greece. The chain shown is included. Filigree is a delicate kind of jewellery metalwork, made with tiny beads or twisted threads, or both in combination, soldered together or to the surface of an object of the same metal and arranged in artistic motifs. The art of filigree dates back to ancient history. The first of the found jewelry in this technique have been found in Mesopotamia and dates to thousands of years BC. In the ancient world and particularly in Asia Minor, this art grew were at the highest level. Faberg\u00e9 egg is a jeweled egg created by the House of Faberg\u00e9, in St. Petersburg, Imperial Russia. Virtually all were manufactured under the supervision of Peter Carl Faberg\u00e9 between 1885 and 1917,[citation needed] the most famous being the 50 \u201cImperial\u201d eggs, 43 of which survive, made for the Russian Tsars Alexander III and Nicholas II as Easter gifts for their wives and mothers. The first Faberg\u00e9 egg was crafted for Tsar Alexander III, who had decided to give his wife, the Empress Maria Feodorovna, an Easter egg in 1885. Peter Carl Faberg\u00e9 was a Russian jeweller best known for the famous Faberg\u00e9 eggs made in the style of genuine Easter eggs, using precious metals and gemstones. He\u2019s the founder of the famous jewelry legacy House of Faberg\u00e9.\" \/>\n<meta property=\"og:url\" content=\"https:\/\/greekroots.shop\/el\/product\/flower-egg-pendant-necklace-925-sterling-silver-and-green-enamel\/\" \/>\n<meta property=\"og:site_name\" content=\"greekroots\" \/>\n<meta property=\"article:publisher\" content=\"https:\/\/www.facebook.com\/Greekroots.shop\" \/>\n<meta property=\"article:modified_time\" content=\"2025-09-25T11:01:03+00:00\" \/>\n<meta property=\"og:image\" content=\"https:\/\/greekroots.shop\/wp-content\/uploads\/2025\/07\/KA-P-03530025.jpg\" \/>\n\t<meta property=\"og:image:width\" content=\"1080\" \/>\n\t<meta property=\"og:image:height\" content=\"1080\" \/>\n\t<meta property=\"og:image:type\" content=\"image\/jpeg\" \/>\n<meta name=\"twitter:card\" content=\"summary_large_image\" \/>\n<meta name=\"twitter:label1\" content=\"\u03a4\u03b9\u03bc\u03ae\" \/>\n\t<meta name=\"twitter:data1\" content=\"99,00&euro;\" \/>\n\t<meta name=\"twitter:label2\" content=\"\u0394\u03b9\u03b1\u03b8\u03b5\u03c3\u03b9\u03bc\u03cc\u03c4\u03b7\u03c4\u03b1\" \/>\n\t<meta name=\"twitter:data2\" content=\"\u03a3\u03b5 \u03b1\u03c0\u03cc\u03b8\u03b5\u03bc\u03b1\" \/>\n<script type=\"application\/ld+json\" class=\"yoast-schema-graph\">{\"@context\":\"https:\/\/schema.org\",\"@graph\":[{\"@type\":\"WebPage\",\"@id\":\"https:\/\/greekroots.shop\/el\/product\/flower-egg-pendant-necklace-925-sterling-silver-and-green-enamel\/\",\"url\":\"https:\/\/greekroots.shop\/el\/product\/flower-egg-pendant-necklace-925-sterling-silver-and-green-enamel\/\",\"name\":\"\u039a\u03bf\u03bb\u03b9\u03ad \u03bc\u03b5 \u039c\u03b5\u03bd\u03c4\u03b1\u03b3\u03b9\u03cc\u03bd \u0391\u03c5\u03b3\u03cc - \u0391\u03c3\u03ae\u03bc\u03b9 925 \u0395\u03c0\u03b9\u03c7\u03c1\u03c5\u03c3\u03c9\u03bc\u03ad\u03bd\u03bf - greekroots\",\"isPartOf\":{\"@id\":\"https:\/\/greekroots.shop\/el\/#website\"},\"primaryImageOfPage\":{\"@id\":\"https:\/\/greekroots.shop\/el\/product\/flower-egg-pendant-necklace-925-sterling-silver-and-green-enamel\/#primaryimage\"},\"image\":{\"@id\":\"https:\/\/greekroots.shop\/el\/product\/flower-egg-pendant-necklace-925-sterling-silver-and-green-enamel\/#primaryimage\"},\"thumbnailUrl\":\"https:\/\/greekroots.shop\/wp-content\/uploads\/2025\/07\/KA-P-03530025.jpg\",\"datePublished\":\"2022-05-24T06:22:46+00:00\",\"dateModified\":\"2025-09-25T11:01:03+00:00\",\"breadcrumb\":{\"@id\":\"https:\/\/greekroots.shop\/el\/product\/flower-egg-pendant-necklace-925-sterling-silver-and-green-enamel\/#breadcrumb\"},\"inLanguage\":\"el\",\"potentialAction\":[{\"@type\":\"ReadAction\",\"target\":[\"https:\/\/greekroots.shop\/el\/product\/flower-egg-pendant-necklace-925-sterling-silver-and-green-enamel\/\"]}]},{\"@type\":\"ImageObject\",\"inLanguage\":\"el\",\"@id\":\"https:\/\/greekroots.shop\/el\/product\/flower-egg-pendant-necklace-925-sterling-silver-and-green-enamel\/#primaryimage\",\"url\":\"https:\/\/greekroots.shop\/wp-content\/uploads\/2025\/07\/KA-P-03530025.jpg\",\"contentUrl\":\"https:\/\/greekroots.shop\/wp-content\/uploads\/2025\/07\/KA-P-03530025.jpg\",\"width\":1080,\"height\":1080},{\"@type\":\"BreadcrumbList\",\"@id\":\"https:\/\/greekroots.shop\/el\/product\/flower-egg-pendant-necklace-925-sterling-silver-and-green-enamel\/#breadcrumb\",\"itemListElement\":[{\"@type\":\"ListItem\",\"position\":1,\"name\":\"Home\",\"item\":\"https:\/\/greekroots.shop\/el\/\"},{\"@type\":\"ListItem\",\"position\":2,\"name\":\"\u039a\u03b1\u03c4\u03ac\u03c3\u03c4\u03b7\u03bc\u03b1\",\"item\":\"https:\/\/greekroots.shop\/shop\/\"},{\"@type\":\"ListItem\",\"position\":3,\"name\":\"\u039a\u03bf\u03bb\u03b9\u03ad \u03bc\u03b5 \u039c\u03b5\u03bd\u03c4\u03b1\u03b3\u03b9\u03cc\u03bd \u0391\u03c5\u03b3\u03cc &#8211; \u0391\u03c3\u03ae\u03bc\u03b9 925 \u0395\u03c0\u03b9\u03c7\u03c1\u03c5\u03c3\u03c9\u03bc\u03ad\u03bd\u03bf\"}]},{\"@type\":\"WebSite\",\"@id\":\"https:\/\/greekroots.shop\/el\/#website\",\"url\":\"https:\/\/greekroots.shop\/el\/\",\"name\":\"GREEK ROOTS\",\"description\":\"Greekroots company began its history in the Greek jewelry market in 1975. Located in the heart of Athens in the pedestrian zone of Dionysios Areopagites at the historic area of Acropolis. The owner, George Nikolaidis, in his workshop, creates jewelry from silver and gold inspired from ancient GREECE, the Byzantine period and museum treasures.\",\"publisher\":{\"@id\":\"https:\/\/greekroots.shop\/el\/#organization\"},\"potentialAction\":[{\"@type\":\"SearchAction\",\"target\":{\"@type\":\"EntryPoint\",\"urlTemplate\":\"https:\/\/greekroots.shop\/el\/?s={search_term_string}\"},\"query-input\":{\"@type\":\"PropertyValueSpecification\",\"valueRequired\":true,\"valueName\":\"search_term_string\"}}],\"inLanguage\":\"el\"},{\"@type\":\"Organization\",\"@id\":\"https:\/\/greekroots.shop\/el\/#organization\",\"name\":\"Greekroots.shop\",\"url\":\"https:\/\/greekroots.shop\/el\/\",\"logo\":{\"@type\":\"ImageObject\",\"inLanguage\":\"el\",\"@id\":\"https:\/\/greekroots.shop\/el\/#\/schema\/logo\/image\/\",\"url\":\"https:\/\/greekroots.shop\/wp-content\/uploads\/2025\/08\/piclogo.png\",\"contentUrl\":\"https:\/\/greekroots.shop\/wp-content\/uploads\/2025\/08\/piclogo.png\",\"width\":850,\"height\":850,\"caption\":\"Greekroots.shop\"},\"image\":{\"@id\":\"https:\/\/greekroots.shop\/el\/#\/schema\/logo\/image\/\"},\"sameAs\":[\"https:\/\/www.facebook.com\/Greekroots.shop\",\"https:\/\/www.instagram.com\/greekroots.shop\",\"https:\/\/gr.pinterest.com\/greekrootsshop\"]}]}<\/script>\n<meta property=\"product:price:amount\" content=\"99.00\" \/>\n<meta property=\"product:price:currency\" content=\"EUR\" \/>\n<meta property=\"og:availability\" content=\"instock\" \/>\n<meta property=\"product:availability\" content=\"instock\" \/>\n<meta property=\"product:retailer_item_id\" content=\"KA-P-03530025\" \/>\n<meta property=\"product:condition\" content=\"new\" \/>\n<!-- \/ Yoast SEO Premium plugin. -->","yoast_head_json":{"title":"\u039a\u03bf\u03bb\u03b9\u03ad \u03bc\u03b5 \u039c\u03b5\u03bd\u03c4\u03b1\u03b3\u03b9\u03cc\u03bd \u0391\u03c5\u03b3\u03cc - \u0391\u03c3\u03ae\u03bc\u03b9 925 \u0395\u03c0\u03b9\u03c7\u03c1\u03c5\u03c3\u03c9\u03bc\u03ad\u03bd\u03bf - greekroots","robots":{"index":"index","follow":"follow","max-snippet":"max-snippet:-1","max-image-preview":"max-image-preview:large","max-video-preview":"max-video-preview:-1"},"canonical":"https:\/\/greekroots.shop\/el\/product\/flower-egg-pendant-necklace-925-sterling-silver-and-green-enamel\/","og_locale":"el_GR","og_type":"article","og_title":"\u039a\u03bf\u03bb\u03b9\u03ad \u03bc\u03b5 \u039c\u03b5\u03bd\u03c4\u03b1\u03b3\u03b9\u03cc\u03bd \u0391\u03c5\u03b3\u03cc - \u0391\u03c3\u03ae\u03bc\u03b9 925 \u0395\u03c0\u03b9\u03c7\u03c1\u03c5\u03c3\u03c9\u03bc\u03ad\u03bd\u03bf","og_description":"The pendant is embellished with a fine filigree and enamel in Faberge style. Made of 925 sterling silver and gold plated. Handmade in Greece. The chain shown is included. Filigree is a delicate kind of jewellery metalwork, made with tiny beads or twisted threads, or both in combination, soldered together or to the surface of an object of the same metal and arranged in artistic motifs. The art of filigree dates back to ancient history. The first of the found jewelry in this technique have been found in Mesopotamia and dates to thousands of years BC. In the ancient world and particularly in Asia Minor, this art grew were at the highest level. Faberg\u00e9 egg is a jeweled egg created by the House of Faberg\u00e9, in St. Petersburg, Imperial Russia. Virtually all were manufactured under the supervision of Peter Carl Faberg\u00e9 between 1885 and 1917,[citation needed] the most famous being the 50 \u201cImperial\u201d eggs, 43 of which survive, made for the Russian Tsars Alexander III and Nicholas II as Easter gifts for their wives and mothers. The first Faberg\u00e9 egg was crafted for Tsar Alexander III, who had decided to give his wife, the Empress Maria Feodorovna, an Easter egg in 1885. Peter Carl Faberg\u00e9 was a Russian jeweller best known for the famous Faberg\u00e9 eggs made in the style of genuine Easter eggs, using precious metals and gemstones. He\u2019s the founder of the famous jewelry legacy House of Faberg\u00e9.","og_url":"https:\/\/greekroots.shop\/el\/product\/flower-egg-pendant-necklace-925-sterling-silver-and-green-enamel\/","og_site_name":"greekroots","article_publisher":"https:\/\/www.facebook.com\/Greekroots.shop","article_modified_time":"2025-09-25T11:01:03+00:00","og_image":[{"width":1080,"height":1080,"url":"https:\/\/greekroots.shop\/wp-content\/uploads\/2025\/07\/KA-P-03530025.jpg","type":"image\/jpeg"}],"twitter_card":"summary_large_image","twitter_misc":{"\u03a4\u03b9\u03bc\u03ae":"99,00&euro;","\u0394\u03b9\u03b1\u03b8\u03b5\u03c3\u03b9\u03bc\u03cc\u03c4\u03b7\u03c4\u03b1":"\u03a3\u03b5 \u03b1\u03c0\u03cc\u03b8\u03b5\u03bc\u03b1"},"schema":{"@context":"https:\/\/schema.org","@graph":[{"@type":"WebPage","@id":"https:\/\/greekroots.shop\/el\/product\/flower-egg-pendant-necklace-925-sterling-silver-and-green-enamel\/","url":"https:\/\/greekroots.shop\/el\/product\/flower-egg-pendant-necklace-925-sterling-silver-and-green-enamel\/","name":"\u039a\u03bf\u03bb\u03b9\u03ad \u03bc\u03b5 \u039c\u03b5\u03bd\u03c4\u03b1\u03b3\u03b9\u03cc\u03bd \u0391\u03c5\u03b3\u03cc - \u0391\u03c3\u03ae\u03bc\u03b9 925 \u0395\u03c0\u03b9\u03c7\u03c1\u03c5\u03c3\u03c9\u03bc\u03ad\u03bd\u03bf - greekroots","isPartOf":{"@id":"https:\/\/greekroots.shop\/el\/#website"},"primaryImageOfPage":{"@id":"https:\/\/greekroots.shop\/el\/product\/flower-egg-pendant-necklace-925-sterling-silver-and-green-enamel\/#primaryimage"},"image":{"@id":"https:\/\/greekroots.shop\/el\/product\/flower-egg-pendant-necklace-925-sterling-silver-and-green-enamel\/#primaryimage"},"thumbnailUrl":"https:\/\/greekroots.shop\/wp-content\/uploads\/2025\/07\/KA-P-03530025.jpg","datePublished":"2022-05-24T06:22:46+00:00","dateModified":"2025-09-25T11:01:03+00:00","breadcrumb":{"@id":"https:\/\/greekroots.shop\/el\/product\/flower-egg-pendant-necklace-925-sterling-silver-and-green-enamel\/#breadcrumb"},"inLanguage":"el","potentialAction":[{"@type":"ReadAction","target":["https:\/\/greekroots.shop\/el\/product\/flower-egg-pendant-necklace-925-sterling-silver-and-green-enamel\/"]}]},{"@type":"ImageObject","inLanguage":"el","@id":"https:\/\/greekroots.shop\/el\/product\/flower-egg-pendant-necklace-925-sterling-silver-and-green-enamel\/#primaryimage","url":"https:\/\/greekroots.shop\/wp-content\/uploads\/2025\/07\/KA-P-03530025.jpg","contentUrl":"https:\/\/greekroots.shop\/wp-content\/uploads\/2025\/07\/KA-P-03530025.jpg","width":1080,"height":1080},{"@type":"BreadcrumbList","@id":"https:\/\/greekroots.shop\/el\/product\/flower-egg-pendant-necklace-925-sterling-silver-and-green-enamel\/#breadcrumb","itemListElement":[{"@type":"ListItem","position":1,"name":"Home","item":"https:\/\/greekroots.shop\/el\/"},{"@type":"ListItem","position":2,"name":"\u039a\u03b1\u03c4\u03ac\u03c3\u03c4\u03b7\u03bc\u03b1","item":"https:\/\/greekroots.shop\/shop\/"},{"@type":"ListItem","position":3,"name":"\u039a\u03bf\u03bb\u03b9\u03ad \u03bc\u03b5 \u039c\u03b5\u03bd\u03c4\u03b1\u03b3\u03b9\u03cc\u03bd \u0391\u03c5\u03b3\u03cc &#8211; \u0391\u03c3\u03ae\u03bc\u03b9 925 \u0395\u03c0\u03b9\u03c7\u03c1\u03c5\u03c3\u03c9\u03bc\u03ad\u03bd\u03bf"}]},{"@type":"WebSite","@id":"https:\/\/greekroots.shop\/el\/#website","url":"https:\/\/greekroots.shop\/el\/","name":"GREEK ROOTS","description":"Greekroots company began its history in the Greek jewelry market in 1975. Located in the heart of Athens in the pedestrian zone of Dionysios Areopagites at the historic area of Acropolis. The owner, George Nikolaidis, in his workshop, creates jewelry from silver and gold inspired from ancient GREECE, the Byzantine period and museum treasures.","publisher":{"@id":"https:\/\/greekroots.shop\/el\/#organization"},"potentialAction":[{"@type":"SearchAction","target":{"@type":"EntryPoint","urlTemplate":"https:\/\/greekroots.shop\/el\/?s={search_term_string}"},"query-input":{"@type":"PropertyValueSpecification","valueRequired":true,"valueName":"search_term_string"}}],"inLanguage":"el"},{"@type":"Organization","@id":"https:\/\/greekroots.shop\/el\/#organization","name":"Greekroots.shop","url":"https:\/\/greekroots.shop\/el\/","logo":{"@type":"ImageObject","inLanguage":"el","@id":"https:\/\/greekroots.shop\/el\/#\/schema\/logo\/image\/","url":"https:\/\/greekroots.shop\/wp-content\/uploads\/2025\/08\/piclogo.png","contentUrl":"https:\/\/greekroots.shop\/wp-content\/uploads\/2025\/08\/piclogo.png","width":850,"height":850,"caption":"Greekroots.shop"},"image":{"@id":"https:\/\/greekroots.shop\/el\/#\/schema\/logo\/image\/"},"sameAs":["https:\/\/www.facebook.com\/Greekroots.shop","https:\/\/www.instagram.com\/greekroots.shop","https:\/\/gr.pinterest.com\/greekrootsshop"]}]},"product_price_amount":"99.00","product_price_currency":"EUR","og_availability":"instock","product_availability":"instock","product_retailer_item_id":"KA-P-03530025","product_condition":"new"},"_links":{"self":[{"href":"https:\/\/greekroots.shop\/el\/wp-json\/wp\/v2\/product\/53748","targetHints":{"allow":["GET"]}}],"collection":[{"href":"https:\/\/greekroots.shop\/el\/wp-json\/wp\/v2\/product"}],"about":[{"href":"https:\/\/greekroots.shop\/el\/wp-json\/wp\/v2\/types\/product"}],"replies":[{"embeddable":true,"href":"https:\/\/greekroots.shop\/el\/wp-json\/wp\/v2\/comments?post=53748"}],"version-history":[{"count":0,"href":"https:\/\/greekroots.shop\/el\/wp-json\/wp\/v2\/product\/53748\/revisions"}],"wp:featuredmedia":[{"embeddable":true,"href":"https:\/\/greekroots.shop\/el\/wp-json\/wp\/v2\/media\/53749"}],"wp:attachment":[{"href":"https:\/\/greekroots.shop\/el\/wp-json\/wp\/v2\/media?parent=53748"}],"wp:term":[{"taxonomy":"product_brand","embeddable":true,"href":"https:\/\/greekroots.shop\/el\/wp-json\/wp\/v2\/product_brand?post=53748"},{"taxonomy":"product_cat","embeddable":true,"href":"https:\/\/greekroots.shop\/el\/wp-json\/wp\/v2\/product_cat?post=53748"},{"taxonomy":"product_tag","embeddable":true,"href":"https:\/\/greekroots.shop\/el\/wp-json\/wp\/v2\/product_tag?post=53748"}],"curies":[{"name":"wp","href":"https:\/\/api.w.org\/{rel}","templated":true}]}}